{"id":751,"date":"2022-10-20T22:03:31","date_gmt":"2022-10-20T21:03:31","guid":{"rendered":"https:\/\/dev.netside.be\/artcarrelages\/?page_id=751"},"modified":"2022-11-10T18:12:57","modified_gmt":"2022-11-10T17:12:57","slug":"nl-politique-en-matiere-de-cookies","status":"publish","type":"page","link":"https:\/\/artcarrelages.com\/nl\/nl-politique-en-matiere-de-cookies\/","title":{"rendered":"[NL] Politique en mati\u00e8re de cookies"},"content":{"rendered":"\n<p>Un cookie est un petit fichier que nous transf\u00e9rons sur votre disque dur via notre navigateur web lorsque vous visitez notre site. Il permet \u00e0 notre syst\u00e8me de vous reconnaitre quand vous visitez notre site ult\u00e9rieurement et d\u2019am\u00e9liorer le service que nous vous offrons.<br><\/p>\n\n\n\n<p>Les cookies sont de fichiers qui stockent des informations sur votre disque dur ou votre navigateur. Ils permettent \u00e0 notre site d\u2019identifier votre ordinateur et de reconnaitre que vous l\u2019avez d\u00e9j\u00e0 visit\u00e9. Les cookies ne contiennent aucune information personnelle. Toutefois, nous pouvons relier les informations que nous stockons dans les cookies \u00e0 toute information personnelle identifiable que vous soumettez pendant votre visite sur notre site.<\/p>\n\n\n\n<p>Les cookies sont \u00e9galement utilis\u00e9s pour compiler des informations globales sur les zones les plus visit\u00e9es de notre site afin d\u2019am\u00e9liorer son contenu, de le rendre plus accessible et pertinent. Gr\u00e2ce aux cookies, les informations affich\u00e9es lors de votre prochaine visite sur notre site correspondront \u00e0 vos pr\u00e9f\u00e9rences d\u2019utilisateur<\/p>\n\n\n\n<p>Vous pouvez configurer votre navigateur pour qu\u2019il accepte tous les cookies, qu\u2019il les rejette tous ou qu\u2019il vous avertisse lorsqu\u2019un cookie est envoy\u00e9. Veuillez noter que la d\u00e9sactivation des cookies pourrait affecter votre exp\u00e9rience en ligne et\/ou vous emp\u00eacher de profiter pleinement de notre site et de certaines de ses fonctionnalit\u00e9s. Si vous limitez les cookies, il est possible que certaines informations fournies pr\u00e9c\u00e9demment soient \u00e0 nouveau n\u00e9cessaires et que vos pr\u00e9f\u00e9rences doivent \u00eatre r\u00e9initialis\u00e9es.<\/p>\n\n\n\n<p>Les cookies ne sont nullement une menace pour votre appareil.<\/p>\n\n\n\n<p>Nous utilisons les types de cookies et technologies suivants :<\/p>\n\n\n\n<ol class=\"wp-block-list\">\n<li>Cookies strictement n\u00e9cessaires au fonctionnement d\u2019un site : pour se connecter aux zones s\u00e9curis\u00e9es d\u2019un site, utiliser un panier d\u2019achat, recourir \u00e0 un service de facturation \u00e9lectronique&#8230;<\/li>\n\n\n\n<li>Cookies et autres technologies analytiques : pour reconnaitre et compter le nombre de visiteurs, connaitre leur d\u00e9placement dans notre site, ceci afin d\u2019am\u00e9liorer son fonctionnnement.<\/li>\n<\/ol>\n","protected":false},"excerpt":{"rendered":"<p>Un cookie est un petit fichier que nous transf\u00e9rons sur votre disque dur via notre navigateur web lorsque vous visitez notre site. Il permet \u00e0 notre syst\u00e8me de vous reconnaitre quand vous visitez notre site ult\u00e9rieurement et d\u2019am\u00e9liorer le service que nous vous offrons. Les cookies sont de fichiers qui stockent des informations sur votre [&hellip;]<\/p>\n","protected":false},"author":1,"featured_media":0,"parent":0,"menu_order":0,"comment_status":"closed","ping_status":"closed","template":"","meta":{"_acf_changed":false,"inline_featured_image":false,"footnotes":""},"class_list":["post-751","page","type-page","status-publish","hentry"],"acf":[],"yoast_head":"<!-- This site is optimized with the Yoast SEO plugin v26.8 - https:\/\/yoast.com\/product\/yoast-seo-wordpress\/ -->\n<title>[NL] Politique en mati\u00e8re de cookies - Art Carrelages<\/title>\n<meta name=\"robots\" content=\"index, follow, max-snippet:-1, max-image-preview:large, max-video-preview:-1\" \/>\n<link rel=\"canonical\" href=\"https:\/\/artcarrelages.com\/nl\/nl-politique-en-matiere-de-cookies\/\" \/>\n<meta property=\"og:locale\" content=\"nl_NL\" \/>\n<meta property=\"og:type\" content=\"article\" \/>\n<meta property=\"og:title\" content=\"[NL] Politique en mati\u00e8re de cookies - Art Carrelages\" \/>\n<meta property=\"og:description\" content=\"Un cookie est un petit fichier que nous transf\u00e9rons sur votre disque dur via notre navigateur web lorsque vous visitez notre site. Il permet \u00e0 notre syst\u00e8me de vous reconnaitre quand vous visitez notre site ult\u00e9rieurement et d\u2019am\u00e9liorer le service que nous vous offrons. Les cookies sont de fichiers qui stockent des informations sur votre [&hellip;]\" \/>\n<meta property=\"og:url\" content=\"https:\/\/artcarrelages.com\/nl\/nl-politique-en-matiere-de-cookies\/\" \/>\n<meta property=\"og:site_name\" content=\"Art Carrelages\" \/>\n<meta property=\"article:publisher\" content=\"https:\/\/www.facebook.com\/artcarrelages\/\" \/>\n<meta property=\"article:modified_time\" content=\"2022-11-10T17:12:57+00:00\" \/>\n<meta name=\"twitter:card\" content=\"summary_large_image\" \/>\n<meta name=\"twitter:label1\" content=\"Geschatte leestijd\" \/>\n\t<meta name=\"twitter:data1\" content=\"2 minuten\" \/>\n<script type=\"application\/ld+json\" class=\"yoast-schema-graph\">{\"@context\":\"https:\/\/schema.org\",\"@graph\":[{\"@type\":\"WebPage\",\"@id\":\"https:\/\/artcarrelages.com\/nl\/nl-politique-en-matiere-de-cookies\/\",\"url\":\"https:\/\/artcarrelages.com\/nl\/nl-politique-en-matiere-de-cookies\/\",\"name\":\"[NL] Politique en mati\u00e8re de cookies - Art Carrelages\",\"isPartOf\":{\"@id\":\"https:\/\/artcarrelages.com\/#website\"},\"datePublished\":\"2022-10-20T21:03:31+00:00\",\"dateModified\":\"2022-11-10T17:12:57+00:00\",\"breadcrumb\":{\"@id\":\"https:\/\/artcarrelages.com\/nl\/nl-politique-en-matiere-de-cookies\/#breadcrumb\"},\"inLanguage\":\"nl-NL\",\"potentialAction\":[{\"@type\":\"ReadAction\",\"target\":[\"https:\/\/artcarrelages.com\/nl\/nl-politique-en-matiere-de-cookies\/\"]}]},{\"@type\":\"BreadcrumbList\",\"@id\":\"https:\/\/artcarrelages.com\/nl\/nl-politique-en-matiere-de-cookies\/#breadcrumb\",\"itemListElement\":[{\"@type\":\"ListItem\",\"position\":1,\"name\":\"Accueil\",\"item\":\"https:\/\/artcarrelages.com\/nl\/\"},{\"@type\":\"ListItem\",\"position\":2,\"name\":\"[NL] Politique en mati\u00e8re de cookies\"}]},{\"@type\":\"WebSite\",\"@id\":\"https:\/\/artcarrelages.com\/#website\",\"url\":\"https:\/\/artcarrelages.com\/\",\"name\":\"Art Carrelages\",\"description\":\"\",\"publisher\":{\"@id\":\"https:\/\/artcarrelages.com\/#organization\"},\"potentialAction\":[{\"@type\":\"SearchAction\",\"target\":{\"@type\":\"EntryPoint\",\"urlTemplate\":\"https:\/\/artcarrelages.com\/?s={search_term_string}\"},\"query-input\":{\"@type\":\"PropertyValueSpecification\",\"valueRequired\":true,\"valueName\":\"search_term_string\"}}],\"inLanguage\":\"nl-NL\"},{\"@type\":\"Organization\",\"@id\":\"https:\/\/artcarrelages.com\/#organization\",\"name\":\"Art Carrelages\",\"url\":\"https:\/\/artcarrelages.com\/\",\"logo\":{\"@type\":\"ImageObject\",\"inLanguage\":\"nl-NL\",\"@id\":\"https:\/\/artcarrelages.com\/#\/schema\/logo\/image\/\",\"url\":\"https:\/\/artcarrelages.com\/wp-content\/uploads\/2023\/05\/logo.svg\",\"contentUrl\":\"https:\/\/artcarrelages.com\/wp-content\/uploads\/2023\/05\/logo.svg\",\"width\":255,\"height\":78,\"caption\":\"Art Carrelages\"},\"image\":{\"@id\":\"https:\/\/artcarrelages.com\/#\/schema\/logo\/image\/\"},\"sameAs\":[\"https:\/\/www.facebook.com\/artcarrelages\/\",\"https:\/\/www.instagram.com\/art_carrelages\/\",\"https:\/\/www.linkedin.com\/company\/art-carrelages-piserchia-sprl\/about\/\"]}]}<\/script>\n<!-- \/ Yoast SEO plugin. -->","yoast_head_json":{"title":"[NL] Politique en mati\u00e8re de cookies - Art Carrelages","robots":{"index":"index","follow":"follow","max-snippet":"max-snippet:-1","max-image-preview":"max-image-preview:large","max-video-preview":"max-video-preview:-1"},"canonical":"https:\/\/artcarrelages.com\/nl\/nl-politique-en-matiere-de-cookies\/","og_locale":"nl_NL","og_type":"article","og_title":"[NL] Politique en mati\u00e8re de cookies - Art Carrelages","og_description":"Un cookie est un petit fichier que nous transf\u00e9rons sur votre disque dur via notre navigateur web lorsque vous visitez notre site. Il permet \u00e0 notre syst\u00e8me de vous reconnaitre quand vous visitez notre site ult\u00e9rieurement et d\u2019am\u00e9liorer le service que nous vous offrons. Les cookies sont de fichiers qui stockent des informations sur votre [&hellip;]","og_url":"https:\/\/artcarrelages.com\/nl\/nl-politique-en-matiere-de-cookies\/","og_site_name":"Art Carrelages","article_publisher":"https:\/\/www.facebook.com\/artcarrelages\/","article_modified_time":"2022-11-10T17:12:57+00:00","twitter_card":"summary_large_image","twitter_misc":{"Geschatte leestijd":"2 minuten"},"schema":{"@context":"https:\/\/schema.org","@graph":[{"@type":"WebPage","@id":"https:\/\/artcarrelages.com\/nl\/nl-politique-en-matiere-de-cookies\/","url":"https:\/\/artcarrelages.com\/nl\/nl-politique-en-matiere-de-cookies\/","name":"[NL] Politique en mati\u00e8re de cookies - Art Carrelages","isPartOf":{"@id":"https:\/\/artcarrelages.com\/#website"},"datePublished":"2022-10-20T21:03:31+00:00","dateModified":"2022-11-10T17:12:57+00:00","breadcrumb":{"@id":"https:\/\/artcarrelages.com\/nl\/nl-politique-en-matiere-de-cookies\/#breadcrumb"},"inLanguage":"nl-NL","potentialAction":[{"@type":"ReadAction","target":["https:\/\/artcarrelages.com\/nl\/nl-politique-en-matiere-de-cookies\/"]}]},{"@type":"BreadcrumbList","@id":"https:\/\/artcarrelages.com\/nl\/nl-politique-en-matiere-de-cookies\/#breadcrumb","itemListElement":[{"@type":"ListItem","position":1,"name":"Accueil","item":"https:\/\/artcarrelages.com\/nl\/"},{"@type":"ListItem","position":2,"name":"[NL] Politique en mati\u00e8re de cookies"}]},{"@type":"WebSite","@id":"https:\/\/artcarrelages.com\/#website","url":"https:\/\/artcarrelages.com\/","name":"Art Carrelages","description":"","publisher":{"@id":"https:\/\/artcarrelages.com\/#organization"},"potentialAction":[{"@type":"SearchAction","target":{"@type":"EntryPoint","urlTemplate":"https:\/\/artcarrelages.com\/?s={search_term_string}"},"query-input":{"@type":"PropertyValueSpecification","valueRequired":true,"valueName":"search_term_string"}}],"inLanguage":"nl-NL"},{"@type":"Organization","@id":"https:\/\/artcarrelages.com\/#organization","name":"Art Carrelages","url":"https:\/\/artcarrelages.com\/","logo":{"@type":"ImageObject","inLanguage":"nl-NL","@id":"https:\/\/artcarrelages.com\/#\/schema\/logo\/image\/","url":"https:\/\/artcarrelages.com\/wp-content\/uploads\/2023\/05\/logo.svg","contentUrl":"https:\/\/artcarrelages.com\/wp-content\/uploads\/2023\/05\/logo.svg","width":255,"height":78,"caption":"Art Carrelages"},"image":{"@id":"https:\/\/artcarrelages.com\/#\/schema\/logo\/image\/"},"sameAs":["https:\/\/www.facebook.com\/artcarrelages\/","https:\/\/www.instagram.com\/art_carrelages\/","https:\/\/www.linkedin.com\/company\/art-carrelages-piserchia-sprl\/about\/"]}]}},"_links":{"self":[{"href":"https:\/\/artcarrelages.com\/nl\/wp-json\/wp\/v2\/pages\/751","targetHints":{"allow":["GET"]}}],"collection":[{"href":"https:\/\/artcarrelages.com\/nl\/wp-json\/wp\/v2\/pages"}],"about":[{"href":"https:\/\/artcarrelages.com\/nl\/wp-json\/wp\/v2\/types\/page"}],"author":[{"embeddable":true,"href":"https:\/\/artcarrelages.com\/nl\/wp-json\/wp\/v2\/users\/1"}],"replies":[{"embeddable":true,"href":"https:\/\/artcarrelages.com\/nl\/wp-json\/wp\/v2\/comments?post=751"}],"version-history":[{"count":1,"href":"https:\/\/artcarrelages.com\/nl\/wp-json\/wp\/v2\/pages\/751\/revisions"}],"predecessor-version":[{"id":755,"href":"https:\/\/artcarrelages.com\/nl\/wp-json\/wp\/v2\/pages\/751\/revisions\/755"}],"wp:attachment":[{"href":"https:\/\/artcarrelages.com\/nl\/wp-json\/wp\/v2\/media?parent=751"}],"curies":[{"name":"wp","href":"https:\/\/api.w.org\/{rel}","templated":true}]}}